{"id":5443,"date":"2022-08-15T14:37:04","date_gmt":"2022-08-15T12:37:04","guid":{"rendered":"https:\/\/musicschoolprague.com\/studio-ladvi\/"},"modified":"2022-08-30T19:25:47","modified_gmt":"2022-08-30T17:25:47","slug":"studio-ladvi","status":"publish","type":"page","link":"https:\/\/musicschoolprague.com\/en\/studio-ladvi\/","title":{"rendered":"Studio L\u00e1dv\u00ed"},"content":{"rendered":"\t\t<div data-elementor-type=\"wp-page\" data-elementor-id=\"5443\" class=\"elementor elementor-5443 elementor-4682\" data-elementor-post-type=\"page\">\n\t\t\t\t\t\t<section data-particle_enable=\"false\" data-particle-mobile-disabled=\"false\" class=\"elementor-section elementor-top-section elementor-element elementor-element-2c15f2e elementor-section-boxed elementor-section-height-default elementor-section-height-default\" data-id=\"2c15f2e\" data-element_type=\"section\" data-e-type=\"section\">\n\t\t\t\t\t\t\t<div class=\"elementor-background-overlay\"><\/div>\n\t\t\t\t\t\t\t<div class=\"elementor-container elementor-column-gap-default\">\n\t\t\t\t\t<div class=\"elementor-column elementor-col-100 elementor-top-column elementor-element elementor-element-1ee79c1\" data-id=\"1ee79c1\" data-element_type=\"column\" data-e-type=\"column\">\n\t\t\t<div class=\"elementor-widget-wrap elementor-element-populated\">\n\t\t\t\t\t\t<div class=\"elementor-element elementor-element-fbd0919 elementor-widget elementor-widget-heading\" data-id=\"fbd0919\" data-element_type=\"widget\" data-e-type=\"widget\" data-widget_type=\"heading.default\">\n\t\t\t\t<div class=\"elementor-widget-container\">\n\t\t\t\t\t<h1 class=\"elementor-heading-title elementor-size-default\">Studio L\u00e1dv\u00ed<\/h1>\t\t\t\t<\/div>\n\t\t\t\t<\/div>\n\t\t\t\t\t<\/div>\n\t\t<\/div>\n\t\t\t\t\t<\/div>\n\t\t<\/section>\n\t\t\t\t<section data-particle_enable=\"false\" data-particle-mobile-disabled=\"false\" class=\"elementor-section elementor-top-section elementor-element elementor-element-a6bc6c2 elementor-section-boxed elementor-section-height-default elementor-section-height-default\" data-id=\"a6bc6c2\" data-element_type=\"section\" data-e-type=\"section\">\n\t\t\t\t\t\t<div class=\"elementor-container elementor-column-gap-default\">\n\t\t\t\t\t<div class=\"elementor-column elementor-col-50 elementor-top-column elementor-element elementor-element-d5c5663\" data-id=\"d5c5663\" data-element_type=\"column\" data-e-type=\"column\" data-settings=\"{&quot;background_background&quot;:&quot;classic&quot;}\">\n\t\t\t<div class=\"elementor-widget-wrap elementor-element-populated\">\n\t\t\t\t\t\t<div class=\"elementor-element elementor-element-94d2e1c elementor-widget elementor-widget-text-editor\" data-id=\"94d2e1c\" data-element_type=\"widget\" data-e-type=\"widget\" data-widget_type=\"text-editor.default\">\n\t\t\t\t<div class=\"elementor-widget-container\">\n\t\t\t\t\t\t\t\t\tISMFA students can choose the <strong>ISMFA studio L\u00e1dv\u00ed in Prague&nbsp;8<\/strong> as the location of their classes (Bure\u0161ova 1661\/2, Praha 8).\r\nThere is a beautiful classroom equipped with a concert grand piano.\r\n<div id=\"gtx-trans\" style=\"position: absolute; left: 448px; top: -10px;\">\r\n<div class=\"gtx-trans-icon\"><\/div>\r\n<\/div>\t\t\t\t\t\t\t\t<\/div>\n\t\t\t\t<\/div>\n\t\t\t\t<div class=\"elementor-element elementor-element-e4ef3b4 elementor-widget elementor-widget-image\" data-id=\"e4ef3b4\" data-element_type=\"widget\" data-e-type=\"widget\" data-widget_type=\"image.default\">\n\t\t\t\t<div class=\"elementor-widget-container\">\n\t\t\t\t\t\t\t\t\t\t\t\t\t\t\t<img fetchpriority=\"high\" decoding=\"async\" width=\"300\" height=\"225\" src=\"https:\/\/musicschoolprague.com\/wp-content\/uploads\/2022\/08\/notes-311995-1.svg\" class=\"attachment-medium size-medium wp-image-3609\" alt=\"\" \/>\t\t\t\t\t\t\t\t\t\t\t\t\t\t\t<\/div>\n\t\t\t\t<\/div>\n\t\t\t\t\t<\/div>\n\t\t<\/div>\n\t\t\t\t<div class=\"elementor-column elementor-col-50 elementor-top-column elementor-element elementor-element-d956e35\" data-id=\"d956e35\" data-element_type=\"column\" data-e-type=\"column\" data-settings=\"{&quot;background_background&quot;:&quot;classic&quot;}\">\n\t\t\t<div class=\"elementor-widget-wrap elementor-element-populated\">\n\t\t\t\t\t\t<div class=\"elementor-element elementor-element-995ee07 elementor-widget elementor-widget-image\" data-id=\"995ee07\" data-element_type=\"widget\" data-e-type=\"widget\" data-widget_type=\"image.default\">\n\t\t\t\t<div class=\"elementor-widget-container\">\n\t\t\t\t\t\t\t\t\t\t\t\t\t\t\t<img decoding=\"async\" width=\"622\" height=\"1023\" src=\"https:\/\/musicschoolprague.com\/wp-content\/uploads\/2022\/08\/studio-ladvi.jpg\" class=\"attachment-large size-large wp-image-5439\" alt=\"studio-ladvi\" srcset=\"https:\/\/musicschoolprague.com\/wp-content\/uploads\/2022\/08\/studio-ladvi.jpg 622w, https:\/\/musicschoolprague.com\/wp-content\/uploads\/2022\/08\/studio-ladvi-182x300.jpg 182w\" sizes=\"(max-width: 622px) 100vw, 622px\" \/>\t\t\t\t\t\t\t\t\t\t\t\t\t\t\t<\/div>\n\t\t\t\t<\/div>\n\t\t\t\t\t<\/div>\n\t\t<\/div>\n\t\t\t\t\t<\/div>\n\t\t<\/section>\n\t\t\t\t<\/div>\n\t\t","protected":false},"excerpt":{"rendered":"<p>ISMFA students can choose the ISMFA studio L\u00e1dv\u00ed in Prague&nbsp;8 as the location of their classes (Bure\u0161ova 1661\/2, Praha 8). There is a beautiful classroom equipped with a concert grand piano.<\/p>\n","protected":false},"author":1,"featured_media":0,"parent":0,"menu_order":0,"comment_status":"closed","ping_status":"closed","template":"elementor_header_footer","meta":{"footnotes":""},"class_list":["post-5443","page","type-page","status-publish","hentry"],"_links":{"self":[{"href":"https:\/\/musicschoolprague.com\/en\/wp-json\/wp\/v2\/pages\/5443","targetHints":{"allow":["GET"]}}],"collection":[{"href":"https:\/\/musicschoolprague.com\/en\/wp-json\/wp\/v2\/pages"}],"about":[{"href":"https:\/\/musicschoolprague.com\/en\/wp-json\/wp\/v2\/types\/page"}],"author":[{"embeddable":true,"href":"https:\/\/musicschoolprague.com\/en\/wp-json\/wp\/v2\/users\/1"}],"replies":[{"embeddable":true,"href":"https:\/\/musicschoolprague.com\/en\/wp-json\/wp\/v2\/comments?post=5443"}],"version-history":[{"count":0,"href":"https:\/\/musicschoolprague.com\/en\/wp-json\/wp\/v2\/pages\/5443\/revisions"}],"wp:attachment":[{"href":"https:\/\/musicschoolprague.com\/en\/wp-json\/wp\/v2\/media?parent=5443"}],"curies":[{"name":"wp","href":"https:\/\/api.w.org\/{rel}","templated":true}]}}