{"id":5258,"date":"2022-08-15T13:04:23","date_gmt":"2022-08-15T11:04:23","guid":{"rendered":"https:\/\/musicschoolprague.com\/music\/nursery-music-ateliers\/"},"modified":"2022-08-24T13:29:45","modified_gmt":"2022-08-24T11:29:45","slug":"nursery-music-ateliers","status":"publish","type":"page","link":"https:\/\/musicschoolprague.com\/en\/music\/nursery-music-ateliers\/","title":{"rendered":"Nursery Music Ateliers"},"content":{"rendered":"\t\t<div data-elementor-type=\"wp-page\" data-elementor-id=\"5258\" class=\"elementor elementor-5258 elementor-4479\" data-elementor-post-type=\"page\">\n\t\t\t\t\t\t<section data-particle_enable=\"false\" data-particle-mobile-disabled=\"false\" class=\"elementor-section elementor-top-section elementor-element elementor-element-473277a elementor-section-boxed elementor-section-height-default elementor-section-height-default\" data-id=\"473277a\" data-element_type=\"section\" data-e-type=\"section\">\n\t\t\t\t\t\t\t<div class=\"elementor-background-overlay\"><\/div>\n\t\t\t\t\t\t\t<div class=\"elementor-container elementor-column-gap-default\">\n\t\t\t\t\t<div class=\"elementor-column elementor-col-100 elementor-top-column elementor-element elementor-element-ee23125\" data-id=\"ee23125\" data-element_type=\"column\" data-e-type=\"column\">\n\t\t\t<div class=\"elementor-widget-wrap elementor-element-populated\">\n\t\t\t\t\t\t<div class=\"elementor-element elementor-element-4f09f9c elementor-widget elementor-widget-heading\" data-id=\"4f09f9c\" data-element_type=\"widget\" data-e-type=\"widget\" data-widget_type=\"heading.default\">\n\t\t\t\t<div class=\"elementor-widget-container\">\n\t\t\t\t\t<h1 class=\"elementor-heading-title elementor-size-default\">Nursery Music Ateliers<\/h1>\t\t\t\t<\/div>\n\t\t\t\t<\/div>\n\t\t\t\t\t<\/div>\n\t\t<\/div>\n\t\t\t\t\t<\/div>\n\t\t<\/section>\n\t\t\t\t<section data-particle_enable=\"false\" data-particle-mobile-disabled=\"false\" class=\"elementor-section elementor-top-section elementor-element elementor-element-09e0838 elementor-section-boxed elementor-section-height-default elementor-section-height-default\" data-id=\"09e0838\" data-element_type=\"section\" data-e-type=\"section\" data-settings=\"{&quot;background_background&quot;:&quot;classic&quot;}\">\n\t\t\t\t\t\t<div class=\"elementor-container elementor-column-gap-default\">\n\t\t\t\t\t<div class=\"elementor-column elementor-col-50 elementor-top-column elementor-element elementor-element-5ca8cba\" data-id=\"5ca8cba\" data-element_type=\"column\" data-e-type=\"column\" data-settings=\"{&quot;background_background&quot;:&quot;classic&quot;}\">\n\t\t\t<div class=\"elementor-widget-wrap elementor-element-populated\">\n\t\t\t\t\t\t<div class=\"elementor-element elementor-element-b417cfc elementor-widget elementor-widget-text-editor\" data-id=\"b417cfc\" data-element_type=\"widget\" data-e-type=\"widget\" data-widget_type=\"text-editor.default\">\n\t\t\t\t<div class=\"elementor-widget-container\">\n\t\t\t\t\t\t\t\t\t<em>&#8220;Early music education is an effective means of the development of the mental and intellectual sphere.&#8221;<\/em> &#8211; University of Central Florida, Debby Mitchell\r\n\r\nV\u00fdvoj d\u00edt\u011bte je prov\u00e1zen i tzv. kritick\u00fdmi obdob\u00edmi. Ty jsou charakterizov\u00e1ny zv\u00fd\u0161enou vn\u00edmavost\u00ed a schopnost\u00ed ment\u00e1ln\u011b se velmi rychle, dynamicky rozv\u00edjet. Pokud se d\u00edt\u011b mezi 2 a 4 rokem sv\u00e9ho \u017eivota &#8211; jednou z nejkriti\u010dt\u011bj\u0161\u00edch period &#8211; za\u010dne intenzivn\u011b v\u011bnovat tvo\u0159iv\u00e9 \u010dinnosti, jsou jeho schopnosti rozvoje mnohon\u00e1sobn\u011b vy\u0161\u0161\u00ed ne\u017e v pozd\u011bj\u0161\u00edm v\u011bku.\r\n\r\n<strong>NURSERY HUDEBN\u00cd ATELI\u00c9R<\/strong>\u00a0je vhodn\u00fd pro d\u011bti od t\u0159\u00ed do \u010dty\u0159 let. Toto obdob\u00ed je ide\u00e1ln\u00ed pro prvn\u00ed sezn\u00e1men\u00ed s bohat\u00fdm sv\u011btem hudby. D\u011bti z\u00e1bavnou formou objevuj\u00ed a rozv\u00edjej\u00ed sv\u00e9 hudebn\u00ed a pohybov\u00e9 schopnosti. Hudebn\u00ed ateli\u00e9ry tak\u00e9 slou\u017e\u00ed jako p\u0159\u00edpravn\u00e9 kurzy pro n\u00e1sledn\u00e9 hudebn\u00ed a tane\u010dn\u00ed lekce.\t\t\t\t\t\t\t\t<\/div>\n\t\t\t\t<\/div>\n\t\t\t\t<div class=\"elementor-element elementor-element-ab7f428 elementor-widget elementor-widget-image\" data-id=\"ab7f428\" data-element_type=\"widget\" data-e-type=\"widget\" data-widget_type=\"image.default\">\n\t\t\t\t<div class=\"elementor-widget-container\">\n\t\t\t\t\t\t\t\t\t\t\t\t\t\t\t<img fetchpriority=\"high\" decoding=\"async\" width=\"800\" height=\"133\" src=\"https:\/\/musicschoolprague.com\/wp-content\/uploads\/2022\/08\/banner-ateliers.jpeg\" class=\"attachment-large size-large wp-image-4482\" alt=\"\" srcset=\"https:\/\/musicschoolprague.com\/wp-content\/uploads\/2022\/08\/banner-ateliers.jpeg 868w, https:\/\/musicschoolprague.com\/wp-content\/uploads\/2022\/08\/banner-ateliers-300x50.jpeg 300w, https:\/\/musicschoolprague.com\/wp-content\/uploads\/2022\/08\/banner-ateliers-768x127.jpeg 768w\" sizes=\"(max-width: 800px) 100vw, 800px\" \/>\t\t\t\t\t\t\t\t\t\t\t\t\t\t\t<\/div>\n\t\t\t\t<\/div>\n\t\t\t\t<div class=\"elementor-element elementor-element-a315a39 elementor-widget elementor-widget-heading\" data-id=\"a315a39\" data-element_type=\"widget\" data-e-type=\"widget\" data-widget_type=\"heading.default\">\n\t\t\t\t<div class=\"elementor-widget-container\">\n\t\t\t\t\t<h2 class=\"elementor-heading-title elementor-size-default\">Lesson Content<\/h2>\t\t\t\t<\/div>\n\t\t\t\t<\/div>\n\t\t\t\t<div class=\"elementor-element elementor-element-c9c183a elementor-widget elementor-widget-text-editor\" data-id=\"c9c183a\" data-element_type=\"widget\" data-e-type=\"widget\" data-widget_type=\"text-editor.default\">\n\t\t\t\t<div class=\"elementor-widget-container\">\n\t\t\t\t\t\t\t\t\t<h5>Developing the sense of rhythm<\/h5>\r\n<ul>\r\n \t<li>Short rhymes<\/li>\r\n \t<li>Expressing simple rhythmic models through body movement<\/li>\r\n \t<li>Reaction to the change of pace<\/li>\r\n<\/ul>\r\n<h5>Developing the musical memory<\/h5>\r\n<ul>\r\n \t<li>o Repetition of musical motiffs and short simple songs<\/li>\r\n<\/ul>\r\n<h5>Developing the musical hearing<\/h5>\r\n<ul>\r\n \t<li>Reactions to different pitch (games with animals, fairy tales)<\/li>\r\n \t<li>Reactions to the change of dynamics (games, musical fairy tales)<\/li>\r\n \t<li>Reactions to the various sound colours (listening to and playing on various instruments, expressing happiness and sadness in music, fairy tales and so on)<\/li>\r\n<\/ul>\r\n<h5>Developing complex music perception (games, dance, theatre)<\/h5>\r\n<ul>\r\n \t<li>Body as a musical instrument (development of rhythm and pace perception)<\/li>\r\n \t<li>Playing with Orff instruments, improvisation (development of child\u2019s musical imagination)<\/li>\r\n \t<li>Musical rendition of short stories from everyday life (development of abilities to express a story and feelings through music)<\/li>\r\n \t<li>Fairy tales (development of complex musical skills)<\/li>\r\n \t<li>Famous music compositions explained through stories and fairy tales (music perception development)<\/li>\r\n<\/ul>\r\n<div id=\"gtx-trans\" style=\"position: absolute; left: -15px; top: 218.25px;\">\r\n<div class=\"gtx-trans-icon\"><\/div>\r\n<\/div>\t\t\t\t\t\t\t\t<\/div>\n\t\t\t\t<\/div>\n\t\t\t\t\t<\/div>\n\t\t<\/div>\n\t\t\t\t<div class=\"elementor-column elementor-col-50 elementor-top-column elementor-element elementor-element-77f9222\" data-id=\"77f9222\" data-element_type=\"column\" data-e-type=\"column\" data-settings=\"{&quot;background_background&quot;:&quot;classic&quot;}\">\n\t\t\t<div class=\"elementor-widget-wrap elementor-element-populated\">\n\t\t\t\t\t\t<div class=\"elementor-element elementor-element-f96f26d elementor-widget elementor-widget-template\" data-id=\"f96f26d\" data-element_type=\"widget\" data-e-type=\"widget\" data-widget_type=\"template.default\">\n\t\t\t\t<div class=\"elementor-widget-container\">\n\t\t\t\t\t\t\t<div class=\"elementor-template\">\n\t\t\t\t\t<div data-elementor-type=\"section\" data-elementor-id=\"5231\" class=\"elementor elementor-5231 elementor-4365 elementor-4365\" data-elementor-post-type=\"elementor_library\">\n\t\t\t\t\t<section data-particle_enable=\"false\" data-particle-mobile-disabled=\"false\" class=\"elementor-section elementor-top-section elementor-element elementor-element-3369c4c elementor-section-boxed elementor-section-height-default elementor-section-height-default\" data-id=\"3369c4c\" data-element_type=\"section\" data-e-type=\"section\">\n\t\t\t\t\t\t<div class=\"elementor-container elementor-column-gap-default\">\n\t\t\t\t\t<div class=\"elementor-column elementor-col-100 elementor-top-column elementor-element elementor-element-ae1f4d4\" data-id=\"ae1f4d4\" data-element_type=\"column\" data-e-type=\"column\" data-settings=\"{&quot;background_background&quot;:&quot;classic&quot;}\">\n\t\t\t<div class=\"elementor-widget-wrap elementor-element-populated\">\n\t\t\t\t\t\t<div class=\"elementor-element elementor-element-a9f20da elementor-widget elementor-widget-heading\" data-id=\"a9f20da\" data-element_type=\"widget\" data-e-type=\"widget\" data-widget_type=\"heading.default\">\n\t\t\t\t<div class=\"elementor-widget-container\">\n\t\t\t\t\t<h3 class=\"elementor-heading-title elementor-size-default\">Basic Info<\/h3>\t\t\t\t<\/div>\n\t\t\t\t<\/div>\n\t\t\t\t<div class=\"elementor-element elementor-element-154c8e2 elementor-view-default elementor-position-block-start elementor-mobile-position-block-start elementor-widget elementor-widget-icon-box\" data-id=\"154c8e2\" data-element_type=\"widget\" data-e-type=\"widget\" data-widget_type=\"icon-box.default\">\n\t\t\t\t<div class=\"elementor-widget-container\">\n\t\t\t\t\t\t\t<div class=\"elementor-icon-box-wrapper\">\n\n\t\t\t\t\t\t<div class=\"elementor-icon-box-icon\">\n\t\t\t\t<a href=\"https:\/\/musicschoolprague.com\/en\/conditions\/\" class=\"elementor-icon\" tabindex=\"-1\" aria-label=\"ISMFA Condition\">\n\t\t\t\t<i aria-hidden=\"true\" class=\"far fa-list-alt\"><\/i>\t\t\t\t<\/a>\n\t\t\t<\/div>\n\t\t\t\n\t\t\t\t\t\t<div class=\"elementor-icon-box-content\">\n\n\t\t\t\t\t\t\t\t\t<h3 class=\"elementor-icon-box-title\">\n\t\t\t\t\t\t<a href=\"https:\/\/musicschoolprague.com\/en\/conditions\/\" >\n\t\t\t\t\t\t\tISMFA Condition\t\t\t\t\t\t<\/a>\n\t\t\t\t\t<\/h3>\n\t\t\t\t\n\t\t\t\t\n\t\t\t<\/div>\n\t\t\t\n\t\t<\/div>\n\t\t\t\t\t\t<\/div>\n\t\t\t\t<\/div>\n\t\t\t\t<div class=\"elementor-element elementor-element-89c8826 elementor-view-default elementor-position-block-start elementor-mobile-position-block-start elementor-widget elementor-widget-icon-box\" data-id=\"89c8826\" data-element_type=\"widget\" data-e-type=\"widget\" data-widget_type=\"icon-box.default\">\n\t\t\t\t<div class=\"elementor-widget-container\">\n\t\t\t\t\t\t\t<div class=\"elementor-icon-box-wrapper\">\n\n\t\t\t\t\t\t<div class=\"elementor-icon-box-icon\">\n\t\t\t\t<a href=\"https:\/\/musicschoolprague.com\/en\/tuition-fees\/\" class=\"elementor-icon\" tabindex=\"-1\" aria-label=\"Tuition Fees\">\n\t\t\t\t<i aria-hidden=\"true\" class=\"fas fa-calculator\"><\/i>\t\t\t\t<\/a>\n\t\t\t<\/div>\n\t\t\t\n\t\t\t\t\t\t<div class=\"elementor-icon-box-content\">\n\n\t\t\t\t\t\t\t\t\t<h3 class=\"elementor-icon-box-title\">\n\t\t\t\t\t\t<a href=\"https:\/\/musicschoolprague.com\/en\/tuition-fees\/\" >\n\t\t\t\t\t\t\tTuition Fees\t\t\t\t\t\t<\/a>\n\t\t\t\t\t<\/h3>\n\t\t\t\t\n\t\t\t\t\n\t\t\t<\/div>\n\t\t\t\n\t\t<\/div>\n\t\t\t\t\t\t<\/div>\n\t\t\t\t<\/div>\n\t\t\t\t<div class=\"elementor-element elementor-element-030e8b3 elementor-view-default elementor-position-block-start elementor-mobile-position-block-start elementor-widget elementor-widget-icon-box\" data-id=\"030e8b3\" data-element_type=\"widget\" data-e-type=\"widget\" data-widget_type=\"icon-box.default\">\n\t\t\t\t<div class=\"elementor-widget-container\">\n\t\t\t\t\t\t\t<div class=\"elementor-icon-box-wrapper\">\n\n\t\t\t\t\t\t<div class=\"elementor-icon-box-icon\">\n\t\t\t\t<a href=\"https:\/\/musicschoolprague.com\/en\/enrollment\/\" class=\"elementor-icon\" tabindex=\"-1\" aria-label=\"Application\">\n\t\t\t\t<i aria-hidden=\"true\" class=\"fab fa-wpforms\"><\/i>\t\t\t\t<\/a>\n\t\t\t<\/div>\n\t\t\t\n\t\t\t\t\t\t<div class=\"elementor-icon-box-content\">\n\n\t\t\t\t\t\t\t\t\t<h3 class=\"elementor-icon-box-title\">\n\t\t\t\t\t\t<a href=\"https:\/\/musicschoolprague.com\/en\/enrollment\/\" >\n\t\t\t\t\t\t\tApplication\t\t\t\t\t\t<\/a>\n\t\t\t\t\t<\/h3>\n\t\t\t\t\n\t\t\t\t\n\t\t\t<\/div>\n\t\t\t\n\t\t<\/div>\n\t\t\t\t\t\t<\/div>\n\t\t\t\t<\/div>\n\t\t\t\t<div class=\"elementor-element elementor-element-b30b067 eael-divider-center elementor-widget elementor-widget-eael-divider\" data-id=\"b30b067\" data-element_type=\"widget\" data-e-type=\"widget\" data-widget_type=\"eael-divider.default\">\n\t\t\t\t<div class=\"elementor-widget-container\">\n\t\t\t\t\t\t\t<div class=\"eael-divider-wrap divider-direction-horizontal\">\n\t\t\t\t\t\t\t<div class=\"divider-text-container\">\n\t\t\t\t\t<div class=\"divider-text-wrap\">\n\t\t\t\t\t\t\t\t\t\t\t\t\t<span class=\"divider-border-wrap divider-border-left\">\n\t\t\t\t\t\t\t\t<span class=\"divider-border\"><\/span>\n\t\t\t\t\t\t\t<\/span>\n\t\t\t\t\t\t\t\t\t\t\t\t<span class=\"eael-divider-content\">\n\t\t\t\t\t\t\t\t\t\t\t\t\t\t\t<span class=\"eael-divider-icon\">\n\t\t\t\t\t\t\t\t\t\t\t\t\t\t\t\t\t\t\t\t\t\t\t\t\t\t\t\t\t\t<img decoding=\"async\" class=\"eael-divider-svg-icon\" src=\"https:\/\/musicschoolprague.com\/wp-content\/uploads\/2022\/08\/treble-clef-icon.svg\" alt=\"\"\/>\n\t\t\t\t\t\t\t\t\t\t\t\t\t\t\t\t\t\t\t\t\t\t\t\t\t\t\t<\/span>\n\t\t\t\t\t\t\t\t\t\t\t\t\t<\/span>\n\t\t\t\t\t\t\t\t\t\t\t\t\t<span class=\"divider-border-wrap divider-border-right\">\n\t\t\t\t\t\t\t\t<span class=\"divider-border\"><\/span>\n\t\t\t\t\t\t\t<\/span>\n\t\t\t\t\t\t\t\t\t\t\t<\/div>\n\t\t\t\t<\/div>\n\t\t\t\t\t<\/div>\n\t\t\t\t<\/div>\n\t\t\t\t<\/div>\n\t\t\t\t<div class=\"elementor-element elementor-element-9836ee5 elementor-widget elementor-widget-heading\" data-id=\"9836ee5\" data-element_type=\"widget\" data-e-type=\"widget\" data-widget_type=\"heading.default\">\n\t\t\t\t<div class=\"elementor-widget-container\">\n\t\t\t\t\t<h3 class=\"elementor-heading-title elementor-size-default\">Related articles<\/h3>\t\t\t\t<\/div>\n\t\t\t\t<\/div>\n\t\t\t\t\t<\/div>\n\t\t<\/div>\n\t\t\t\t\t<\/div>\n\t\t<\/section>\n\t\t\t\t<\/div>\n\t\t\t\t<\/div>\n\t\t\t\t\t\t<\/div>\n\t\t\t\t<\/div>\n\t\t\t\t\t<\/div>\n\t\t<\/div>\n\t\t\t\t\t<\/div>\n\t\t<\/section>\n\t\t\t\t<\/div>\n\t\t","protected":false},"excerpt":{"rendered":"<p>&#8220;Early music education is an effective means of the development of the mental and intellectual sphere.&#8221; &#8211; University of Central Florida, Debby Mitchell V\u00fdvoj d\u00edt\u011bte je prov\u00e1zen i tzv. kritick\u00fdmi obdob\u00edmi. Ty jsou charakterizov\u00e1ny zv\u00fd\u0161enou vn\u00edmavost\u00ed a schopnost\u00ed ment\u00e1ln\u011b se velmi rychle, dynamicky rozv\u00edjet. Pokud se d\u00edt\u011b mezi 2 a 4 rokem sv\u00e9ho \u017eivota &#8211; [&hellip;]<\/p>\n","protected":false},"author":1,"featured_media":0,"parent":5192,"menu_order":0,"comment_status":"closed","ping_status":"closed","template":"elementor_header_footer","meta":{"footnotes":""},"class_list":["post-5258","page","type-page","status-publish","hentry"],"_links":{"self":[{"href":"https:\/\/musicschoolprague.com\/en\/wp-json\/wp\/v2\/pages\/5258","targetHints":{"allow":["GET"]}}],"collection":[{"href":"https:\/\/musicschoolprague.com\/en\/wp-json\/wp\/v2\/pages"}],"about":[{"href":"https:\/\/musicschoolprague.com\/en\/wp-json\/wp\/v2\/types\/page"}],"author":[{"embeddable":true,"href":"https:\/\/musicschoolprague.com\/en\/wp-json\/wp\/v2\/users\/1"}],"replies":[{"embeddable":true,"href":"https:\/\/musicschoolprague.com\/en\/wp-json\/wp\/v2\/comments?post=5258"}],"version-history":[{"count":0,"href":"https:\/\/musicschoolprague.com\/en\/wp-json\/wp\/v2\/pages\/5258\/revisions"}],"up":[{"embeddable":true,"href":"https:\/\/musicschoolprague.com\/en\/wp-json\/wp\/v2\/pages\/5192"}],"wp:attachment":[{"href":"https:\/\/musicschoolprague.com\/en\/wp-json\/wp\/v2\/media?parent=5258"}],"curies":[{"name":"wp","href":"https:\/\/api.w.org\/{rel}","templated":true}]}}