{"id":5246,"date":"2022-08-15T11:04:33","date_gmt":"2022-08-15T09:04:33","guid":{"rendered":"https:\/\/musicschoolprague.com\/music\/music-theory\/"},"modified":"2025-10-15T09:34:26","modified_gmt":"2025-10-15T07:34:26","slug":"music-theory","status":"publish","type":"page","link":"https:\/\/musicschoolprague.com\/en\/music\/music-theory\/","title":{"rendered":"Music Theory"},"content":{"rendered":"\t\t<div data-elementor-type=\"wp-page\" data-elementor-id=\"5246\" class=\"elementor elementor-5246 elementor-4374\" data-elementor-post-type=\"page\">\n\t\t\t\t\t\t<section data-particle_enable=\"false\" data-particle-mobile-disabled=\"false\" class=\"elementor-section elementor-top-section elementor-element elementor-element-473277a elementor-section-boxed elementor-section-height-default elementor-section-height-default\" data-id=\"473277a\" data-element_type=\"section\" data-e-type=\"section\">\n\t\t\t\t\t\t\t<div class=\"elementor-background-overlay\"><\/div>\n\t\t\t\t\t\t\t<div class=\"elementor-container elementor-column-gap-default\">\n\t\t\t\t\t<div class=\"elementor-column elementor-col-100 elementor-top-column elementor-element elementor-element-ee23125\" data-id=\"ee23125\" data-element_type=\"column\" data-e-type=\"column\">\n\t\t\t<div class=\"elementor-widget-wrap elementor-element-populated\">\n\t\t\t\t\t\t<div class=\"elementor-element elementor-element-4f09f9c elementor-widget elementor-widget-heading\" data-id=\"4f09f9c\" data-element_type=\"widget\" data-e-type=\"widget\" data-widget_type=\"heading.default\">\n\t\t\t\t<div class=\"elementor-widget-container\">\n\t\t\t\t\t<h1 class=\"elementor-heading-title elementor-size-default\">Music Theory<\/h1>\t\t\t\t<\/div>\n\t\t\t\t<\/div>\n\t\t\t\t\t<\/div>\n\t\t<\/div>\n\t\t\t\t\t<\/div>\n\t\t<\/section>\n\t\t\t\t<section data-particle_enable=\"false\" data-particle-mobile-disabled=\"false\" class=\"elementor-section elementor-top-section elementor-element elementor-element-09e0838 elementor-section-boxed elementor-section-height-default elementor-section-height-default\" data-id=\"09e0838\" data-element_type=\"section\" data-e-type=\"section\" data-settings=\"{&quot;background_background&quot;:&quot;classic&quot;}\">\n\t\t\t\t\t\t<div class=\"elementor-container elementor-column-gap-default\">\n\t\t\t\t\t<div class=\"elementor-column elementor-col-50 elementor-top-column elementor-element elementor-element-5ca8cba\" data-id=\"5ca8cba\" data-element_type=\"column\" data-e-type=\"column\" data-settings=\"{&quot;background_background&quot;:&quot;classic&quot;}\">\n\t\t\t<div class=\"elementor-widget-wrap elementor-element-populated\">\n\t\t\t\t\t\t<div class=\"elementor-element elementor-element-bf66877 elementor-widget elementor-widget-heading\" data-id=\"bf66877\" data-element_type=\"widget\" data-e-type=\"widget\" data-widget_type=\"heading.default\">\n\t\t\t\t<div class=\"elementor-widget-container\">\n\t\t\t\t\t<h2 class=\"elementor-heading-title elementor-size-default\">Online Tutoring - inovative system of teaching)<\/h2>\t\t\t\t<\/div>\n\t\t\t\t<\/div>\n\t\t\t\t<div class=\"elementor-element elementor-element-b417cfc elementor-widget elementor-widget-text-editor\" data-id=\"b417cfc\" data-element_type=\"widget\" data-e-type=\"widget\" data-widget_type=\"text-editor.default\">\n\t\t\t\t<div class=\"elementor-widget-container\">\n\t\t\t\t\t\t\t\t\t<p>Music theory is a subject in which students learn the basics of music theory, music history and they develop intonation and rhythm. Here they put their practical musical experience with theoretical knowledge in context. Thanks to a good knowledge of music theory, students can continue to learn to play instruments faster, they learn new compositions quicker and with deeper understanding, and they master improvisational techniques more easily.<\/p>\n\t\t\t\t\t\t\t\t<\/div>\n\t\t\t\t<\/div>\n\t\t\t\t<div class=\"elementor-element elementor-element-ab7f428 elementor-widget elementor-widget-image\" data-id=\"ab7f428\" data-element_type=\"widget\" data-e-type=\"widget\" data-widget_type=\"image.default\">\n\t\t\t\t<div class=\"elementor-widget-container\">\n\t\t\t\t\t\t\t\t\t\t\t\t\t\t\t<img fetchpriority=\"high\" decoding=\"async\" width=\"800\" height=\"534\" src=\"https:\/\/musicschoolprague.com\/wp-content\/uploads\/2022\/08\/online-tutoring-1024x684.jpg\" class=\"attachment-large size-large wp-image-4377\" alt=\"\" srcset=\"https:\/\/musicschoolprague.com\/wp-content\/uploads\/2022\/08\/online-tutoring-1024x684.jpg 1024w, https:\/\/musicschoolprague.com\/wp-content\/uploads\/2022\/08\/online-tutoring-300x200.jpg 300w, https:\/\/musicschoolprague.com\/wp-content\/uploads\/2022\/08\/online-tutoring-768x513.jpg 768w, https:\/\/musicschoolprague.com\/wp-content\/uploads\/2022\/08\/online-tutoring.jpg 1200w\" sizes=\"(max-width: 800px) 100vw, 800px\" \/>\t\t\t\t\t\t\t\t\t\t\t\t\t\t\t<\/div>\n\t\t\t\t<\/div>\n\t\t\t\t<div class=\"elementor-element elementor-element-c9c183a elementor-widget elementor-widget-text-editor\" data-id=\"c9c183a\" data-element_type=\"widget\" data-e-type=\"widget\" data-widget_type=\"text-editor.default\">\n\t\t\t\t<div class=\"elementor-widget-container\">\n\t\t\t\t\t\t\t\t\t<p>ISMFA teachers have created an innovative online music education system that allows students to save time on commuting to school. If your child plays an instrument or sings, learning music theory is one of the best ways to improve their skills and knowledge. Understanding the basics of music theory leads to a deeper understanding and appreciation of music.<\/p>\n<p>Students are taught to understand how music works by studying the basic elements of music such as rhythm, harmony, pitch, scales, dissonance, consonance etc. All this knowledge helps them to write and perform music accurately, detect errors, listen to music more critically and, last but not least, be familiar with the masterworks, styles and genres of Western music.<\/p>\n<p>Students who are interested in passing the ABRSM international exams will be prepared for them in these lessons as well.<\/p>\n<p>These lessons are suitable for children from the age of 7. The students will be divided into groups according to their age and level.<\/p>\n<p>Please, contact K\u00e1ra H\u00e1jkov\u00e1 for more information k.hajkova@musicschoolprague.com<\/p>\n<div id=\"gtx-trans\" style=\"position: absolute; left: 164px; top: 462px;\">\n<div class=\"gtx-trans-icon\"><\/div>\n<p><\/div>\n\t\t\t\t\t\t\t\t<\/div>\n\t\t\t\t<\/div>\n\t\t\t\t<div class=\"elementor-element elementor-element-81ec124 elementor-widget__width-initial elementor-widget elementor-widget-eael-creative-button\" data-id=\"81ec124\" data-element_type=\"widget\" data-e-type=\"widget\" data-widget_type=\"eael-creative-button.default\">\n\t\t\t\t<div class=\"elementor-widget-container\">\n\t\t\t\t\t        <div class=\"eael-creative-button-wrapper\">\n\n            <a class=\"eael-creative-button eael-creative-button--default eael-cb-icon-position-left\" href=\"\/en\/application-online-tutoring\/\" data-text=\"Go!\">\n            \t    \n                <div class=\"creative-button-inner\">\n\n                                            <span class=\"eael-creative-button-icon-left\"><i aria-hidden=\"true\" class=\"fab fa-wpforms\"><\/i><\/span>                    \n                    <span class=\"cretive-button-text\">Application<\/span>\n\n                                    <\/div>\n\t                        <\/a>\n        <\/div>\n        \t\t\t\t<\/div>\n\t\t\t\t<\/div>\n\t\t\t\t<div class=\"elementor-element elementor-element-79da9ce elementor-widget__width-initial elementor-view-default elementor-position-block-start elementor-mobile-position-block-start elementor-widget elementor-widget-icon-box\" data-id=\"79da9ce\" data-element_type=\"widget\" data-e-type=\"widget\" data-widget_type=\"icon-box.default\">\n\t\t\t\t<div class=\"elementor-widget-container\">\n\t\t\t\t\t\t\t<div class=\"elementor-icon-box-wrapper\">\n\n\t\t\t\t\t\t<div class=\"elementor-icon-box-icon\">\n\t\t\t\t<a href=\"https:\/\/cz.abrsm.org\/media\/64639\/music-theory-syllabus-outline-grades-1-5-from-2020.pdf\" target=\"_blank\" class=\"elementor-icon\" tabindex=\"-1\" aria-label=\"Curricula\" rel=\"noopener\">\n\t\t\t\t<i aria-hidden=\"true\" class=\"far fa-file-pdf\"><\/i>\t\t\t\t<\/a>\n\t\t\t<\/div>\n\t\t\t\n\t\t\t\t\t\t<div class=\"elementor-icon-box-content\">\n\n\t\t\t\t\t\t\t\t\t<h3 class=\"elementor-icon-box-title\">\n\t\t\t\t\t\t<a href=\"https:\/\/cz.abrsm.org\/media\/64639\/music-theory-syllabus-outline-grades-1-5-from-2020.pdf\" target=\"_blank\" rel=\"noopener\">\n\t\t\t\t\t\t\tCurricula\t\t\t\t\t\t<\/a>\n\t\t\t\t\t<\/h3>\n\t\t\t\t\n\t\t\t\t\n\t\t\t<\/div>\n\t\t\t\n\t\t<\/div>\n\t\t\t\t\t\t<\/div>\n\t\t\t\t<\/div>\n\t\t\t\t<div class=\"elementor-element elementor-element-f3ba522 elementor-widget elementor-widget-eael-adv-accordion\" data-id=\"f3ba522\" data-element_type=\"widget\" data-e-type=\"widget\" id=\"cenik\" data-widget_type=\"eael-adv-accordion.default\">\n\t\t\t\t<div class=\"elementor-widget-container\">\n\t\t\t\t\t            <div class=\"eael-adv-accordion\" id=\"eael-adv-accordion-f3ba522\" data-scroll-on-click=\"no\" data-scroll-speed=\"300\" data-accordion-id=\"f3ba522\" data-accordion-type=\"accordion\" data-toogle-speed=\"300\">\n            <div class=\"eael-accordion-list\">\n\t\t\t\t\t<div id=\"fees-for-the-year-2025\" class=\"elementor-tab-title eael-accordion-header\" tabindex=\"0\" data-tab=\"1\" aria-controls=\"elementor-tab-content-2551\"><span class=\"eael-advanced-accordion-icon-closed\"><i aria-hidden=\"true\" class=\"fa-accordion-icon fas fa-plus\"><\/i><\/span><span class=\"eael-advanced-accordion-icon-opened\"><i aria-hidden=\"true\" class=\"fa-accordion-icon fas fa-minus\"><\/i><\/span><span class=\"eael-accordion-tab-title\">Fees for the year 2025<\/span><\/div><div id=\"elementor-tab-content-2551\" class=\"eael-accordion-content clearfix\" data-tab=\"1\" aria-labelledby=\"fees-for-the-year-2025\"><h2><span style=\"text-decoration: underline\">MUSIC THEORY &#8211; BASIC<\/span><\/h2>\n<p><\/p>\n<div>\n<table style=\"font-weight: 400\">\n<tbody>\n<tr>\n<td><strong>ONLINE MUSIC THEORY BASIC:<\/strong><\/p>\n<p><strong>once a week 20-MINUTE lesson<\/strong><\/p>\n<p>&nbsp;<\/td>\n<td><strong>ONLINE MUSIC THEORY BASIC:<\/strong><\/p>\n<p><strong>once a week 30-MINUTE lesson<\/strong><\/p>\n<p>&nbsp;<\/td>\n<\/tr>\n<tr>\n<td>1 semester fee (16 lessons): 6400 CZK<\/p>\n<p>(400 K\u010d\/one lesson)<\/p>\n<p>&nbsp;<\/td>\n<td>1 semester fee (16 lessons): 9120 CZK<\/p>\n<p>(570 K\u010d\/one lesson)<\/td>\n<\/tr>\n<\/tbody>\n<\/table>\n<\/div>\n<p><\/p>\n<h2><span style=\"text-decoration: underline\">GRADE 1; GRADE 2<\/span><\/h2>\n<p><strong>GROUP LESSONS<\/strong><\/p>\n<p>Once a week 30minutes lesson; suitable for students and children from 7 years and older<\/p>\n<table class=\"normal\">\n<tbody style=\"text-align: left\">\n<tr style=\"text-align: left\">\n<td style=\"text-align: left\">\u00a0<strong>1 semester fee<\/strong><\/td>\n<td style=\"text-align: left\"><strong>Group: 4 students<\/strong><\/td>\n<td style=\"text-align: left\"><strong>Group: 3 students<\/strong><\/td>\n<td style=\"text-align: left\"><strong>Group: 2 students<\/strong><\/td>\n<\/tr>\n<tr style=\"text-align: left\">\n<td style=\"text-align: left\">16 lessons<\/td>\n<td style=\"text-align: left\">4160,- K\u010d \/1 student<br \/>\n(260 K\u010d \/1 lesson)<\/td>\n<td style=\"text-align: left\">4960,- K\u010d \/1 student<br \/>\n(310 K\u010d \/1 lesson)<\/td>\n<td style=\"text-align: left\">6720,- K\u010d \/1 student<br \/>\n(420 K\u010d \/1 lesson)<\/td>\n<\/tr>\n<\/tbody>\n<\/table>\n<p><strong>INDIVIDU\u00c1LN\u00cd LEKCE<\/strong><\/p>\n<p>You can find the tuition fees <a href=\"https:\/\/musicschoolprague.com\/en\/tuition-fees\/\" target=\"_blank\" rel=\"noopener\">here<\/a><\/p>\n<h2><span style=\"text-decoration: underline\">GRADE 3; GRADE 4<\/span><\/h2>\n<p><strong>GROUP LESSONS<\/strong><\/p>\n<p>Once a week 30minutes lesson; suitable for students and children from 10 years and older<\/p>\n<table class=\"normal\">\n<tbody>\n<tr>\n<td>\u00a0<strong>1 semester fee<\/strong><\/td>\n<td><strong>Group: 4 students<\/strong><\/td>\n<td><strong>Group: 3 students<\/strong><\/td>\n<td><strong>Group: 2 students<\/strong><\/td>\n<\/tr>\n<tr>\n<td>16 lessons<\/td>\n<td>4800,- K\u010d \/1 student<br \/>\n(300 K\u010d \/1 lesson)<\/td>\n<td>5920,- K\u010d \/1 student<br \/>\n(370 K\u010d \/1 lesson)<\/td>\n<td>7680,- K\u010d \/1 student<br \/>\n(480 K\u010d \/1 lesson)<\/td>\n<\/tr>\n<\/tbody>\n<\/table>\n<p><strong>INDIVIDUAL LESSONS<\/strong><\/p>\n<p>You can find the tuition fees <a href=\"https:\/\/musicschoolprague.com\/en\/tuition-fees\/\" target=\"_blank\" rel=\"noopener\">here<\/a><\/p>\n<h2><span style=\"text-decoration: underline\">GRADE 5-8<\/span><\/h2>\n<p><strong>INDIVIDUAL LESSONS ONLY<\/strong><\/p>\n<p>You can find the tuition fees <a href=\"https:\/\/musicschoolprague.com\/en\/tuition-fees\/\" target=\"_blank\" rel=\"noopener\">here<\/a><\/p>\n<div id=\"gtx-trans\" style=\"position: absolute;left: -9px;top: 49.8125px\">\n<div class=\"gtx-trans-icon\"><\/div>\n<p><\/div>\n<\/div>\n\t\t\t\t\t<\/div><\/div>\t\t\t\t<\/div>\n\t\t\t\t<\/div>\n\t\t\t\t\t<\/div>\n\t\t<\/div>\n\t\t\t\t<div class=\"elementor-column elementor-col-50 elementor-top-column elementor-element elementor-element-77f9222\" data-id=\"77f9222\" data-element_type=\"column\" data-e-type=\"column\" data-settings=\"{&quot;background_background&quot;:&quot;classic&quot;}\">\n\t\t\t<div class=\"elementor-widget-wrap elementor-element-populated\">\n\t\t\t\t\t\t<div class=\"elementor-element elementor-element-deb3e4c elementor-widget elementor-widget-heading\" data-id=\"deb3e4c\" data-element_type=\"widget\" data-e-type=\"widget\" data-widget_type=\"heading.default\">\n\t\t\t\t<div class=\"elementor-widget-container\">\n\t\t\t\t\t<h3 class=\"elementor-heading-title elementor-size-default\">Basic Info<\/h3>\t\t\t\t<\/div>\n\t\t\t\t<\/div>\n\t\t\t\t<div class=\"elementor-element elementor-element-2553c82 elementor-view-default elementor-position-block-start elementor-mobile-position-block-start elementor-widget elementor-widget-icon-box\" data-id=\"2553c82\" data-element_type=\"widget\" data-e-type=\"widget\" data-widget_type=\"icon-box.default\">\n\t\t\t\t<div class=\"elementor-widget-container\">\n\t\t\t\t\t\t\t<div class=\"elementor-icon-box-wrapper\">\n\n\t\t\t\t\t\t<div class=\"elementor-icon-box-icon\">\n\t\t\t\t<a href=\"https:\/\/musicschoolprague.com\/en\/conditions\/\" class=\"elementor-icon\" tabindex=\"-1\" aria-label=\"ISMFA Condition\">\n\t\t\t\t<i aria-hidden=\"true\" class=\"far fa-list-alt\"><\/i>\t\t\t\t<\/a>\n\t\t\t<\/div>\n\t\t\t\n\t\t\t\t\t\t<div class=\"elementor-icon-box-content\">\n\n\t\t\t\t\t\t\t\t\t<h3 class=\"elementor-icon-box-title\">\n\t\t\t\t\t\t<a href=\"https:\/\/musicschoolprague.com\/en\/conditions\/\">\n\t\t\t\t\t\t\tISMFA Condition\t\t\t\t\t\t<\/a>\n\t\t\t\t\t<\/h3>\n\t\t\t\t\n\t\t\t\t\n\t\t\t<\/div>\n\t\t\t\n\t\t<\/div>\n\t\t\t\t\t\t<\/div>\n\t\t\t\t<\/div>\n\t\t\t\t<div class=\"elementor-element elementor-element-3cad969 elementor-view-default elementor-position-block-start elementor-mobile-position-block-start elementor-widget elementor-widget-icon-box\" data-id=\"3cad969\" data-element_type=\"widget\" data-e-type=\"widget\" data-widget_type=\"icon-box.default\">\n\t\t\t\t<div class=\"elementor-widget-container\">\n\t\t\t\t\t\t\t<div class=\"elementor-icon-box-wrapper\">\n\n\t\t\t\t\t\t<div class=\"elementor-icon-box-icon\">\n\t\t\t\t<a href=\"#cenik\" class=\"elementor-icon\" tabindex=\"-1\" aria-label=\"Tuition Fees\">\n\t\t\t\t<i aria-hidden=\"true\" class=\"fas fa-calculator\"><\/i>\t\t\t\t<\/a>\n\t\t\t<\/div>\n\t\t\t\n\t\t\t\t\t\t<div class=\"elementor-icon-box-content\">\n\n\t\t\t\t\t\t\t\t\t<h3 class=\"elementor-icon-box-title\">\n\t\t\t\t\t\t<a href=\"#cenik\" >\n\t\t\t\t\t\t\tTuition Fees\t\t\t\t\t\t<\/a>\n\t\t\t\t\t<\/h3>\n\t\t\t\t\n\t\t\t\t\n\t\t\t<\/div>\n\t\t\t\n\t\t<\/div>\n\t\t\t\t\t\t<\/div>\n\t\t\t\t<\/div>\n\t\t\t\t<div class=\"elementor-element elementor-element-ac7bb07 elementor-view-default elementor-position-block-start elementor-mobile-position-block-start elementor-widget elementor-widget-icon-box\" data-id=\"ac7bb07\" data-element_type=\"widget\" data-e-type=\"widget\" data-widget_type=\"icon-box.default\">\n\t\t\t\t<div class=\"elementor-widget-container\">\n\t\t\t\t\t\t\t<div class=\"elementor-icon-box-wrapper\">\n\n\t\t\t\t\t\t<div class=\"elementor-icon-box-icon\">\n\t\t\t\t<a href=\"https:\/\/musicschoolprague.com\/en\/application-online-tutoring\/\" class=\"elementor-icon\" tabindex=\"-1\" aria-label=\"Application\">\n\t\t\t\t<i aria-hidden=\"true\" class=\"fab fa-wpforms\"><\/i>\t\t\t\t<\/a>\n\t\t\t<\/div>\n\t\t\t\n\t\t\t\t\t\t<div class=\"elementor-icon-box-content\">\n\n\t\t\t\t\t\t\t\t\t<h3 class=\"elementor-icon-box-title\">\n\t\t\t\t\t\t<a href=\"https:\/\/musicschoolprague.com\/en\/application-online-tutoring\/\">\n\t\t\t\t\t\t\tApplication\t\t\t\t\t\t<\/a>\n\t\t\t\t\t<\/h3>\n\t\t\t\t\n\t\t\t\t\n\t\t\t<\/div>\n\t\t\t\n\t\t<\/div>\n\t\t\t\t\t\t<\/div>\n\t\t\t\t<\/div>\n\t\t\t\t<div class=\"elementor-element elementor-element-c48f687 eael-divider-center elementor-widget elementor-widget-eael-divider\" data-id=\"c48f687\" data-element_type=\"widget\" data-e-type=\"widget\" data-widget_type=\"eael-divider.default\">\n\t\t\t\t<div class=\"elementor-widget-container\">\n\t\t\t\t\t\t\t<div class=\"eael-divider-wrap divider-direction-horizontal\">\n\t\t\t\t\t\t\t<div class=\"divider-text-container\">\n\t\t\t\t\t<div class=\"divider-text-wrap\">\n\t\t\t\t\t\t\t\t\t\t\t\t\t<span class=\"divider-border-wrap divider-border-left\">\n\t\t\t\t\t\t\t\t<span class=\"divider-border\"><\/span>\n\t\t\t\t\t\t\t<\/span>\n\t\t\t\t\t\t\t\t\t\t\t\t<span class=\"eael-divider-content\">\n\t\t\t\t\t\t\t\t\t\t\t\t\t\t\t<span class=\"eael-divider-icon\">\n\t\t\t\t\t\t\t\t\t\t\t\t\t\t\t\t\t\t\t\t\t\t\t\t\t\t\t\t\t\t<img decoding=\"async\" class=\"eael-divider-svg-icon\" src=\"https:\/\/musicschoolprague.com\/wp-content\/uploads\/2022\/08\/treble-clef-icon.svg\" alt=\"\"\/>\n\t\t\t\t\t\t\t\t\t\t\t\t\t\t\t\t\t\t\t\t\t\t\t\t\t\t\t<\/span>\n\t\t\t\t\t\t\t\t\t\t\t\t\t<\/span>\n\t\t\t\t\t\t\t\t\t\t\t\t\t<span class=\"divider-border-wrap divider-border-right\">\n\t\t\t\t\t\t\t\t<span class=\"divider-border\"><\/span>\n\t\t\t\t\t\t\t<\/span>\n\t\t\t\t\t\t\t\t\t\t\t<\/div>\n\t\t\t\t<\/div>\n\t\t\t\t\t<\/div>\n\t\t\t\t<\/div>\n\t\t\t\t<\/div>\n\t\t\t\t<div class=\"elementor-element elementor-element-aadc5c9 elementor-widget elementor-widget-heading\" data-id=\"aadc5c9\" data-element_type=\"widget\" data-e-type=\"widget\" data-widget_type=\"heading.default\">\n\t\t\t\t<div class=\"elementor-widget-container\">\n\t\t\t\t\t<h3 class=\"elementor-heading-title elementor-size-default\">Related articles<\/h3>\t\t\t\t<\/div>\n\t\t\t\t<\/div>\n\t\t\t\t\t<\/div>\n\t\t<\/div>\n\t\t\t\t\t<\/div>\n\t\t<\/section>\n\t\t\t\t<\/div>\n\t\t","protected":false},"excerpt":{"rendered":"<p>Online Tutoring &#8211; inovative system of teaching) Music theory is a subject in which students learn the basics of music theory, music history and they develop intonation and rhythm. Here they put their practical musical experience with theoretical knowledge in context. Thanks to a good knowledge of music theory, students can continue to learn to [&hellip;]<\/p>\n","protected":false},"author":1,"featured_media":0,"parent":5192,"menu_order":0,"comment_status":"closed","ping_status":"closed","template":"elementor_header_footer","meta":{"footnotes":""},"class_list":["post-5246","page","type-page","status-publish","hentry"],"_links":{"self":[{"href":"https:\/\/musicschoolprague.com\/en\/wp-json\/wp\/v2\/pages\/5246","targetHints":{"allow":["GET"]}}],"collection":[{"href":"https:\/\/musicschoolprague.com\/en\/wp-json\/wp\/v2\/pages"}],"about":[{"href":"https:\/\/musicschoolprague.com\/en\/wp-json\/wp\/v2\/types\/page"}],"author":[{"embeddable":true,"href":"https:\/\/musicschoolprague.com\/en\/wp-json\/wp\/v2\/users\/1"}],"replies":[{"embeddable":true,"href":"https:\/\/musicschoolprague.com\/en\/wp-json\/wp\/v2\/comments?post=5246"}],"version-history":[{"count":0,"href":"https:\/\/musicschoolprague.com\/en\/wp-json\/wp\/v2\/pages\/5246\/revisions"}],"up":[{"embeddable":true,"href":"https:\/\/musicschoolprague.com\/en\/wp-json\/wp\/v2\/pages\/5192"}],"wp:attachment":[{"href":"https:\/\/musicschoolprague.com\/en\/wp-json\/wp\/v2\/media?parent=5246"}],"curies":[{"name":"wp","href":"https:\/\/api.w.org\/{rel}","templated":true}]}}