{"id":5194,"date":"2022-08-15T15:03:51","date_gmt":"2022-08-15T13:03:51","guid":{"rendered":"https:\/\/musicschoolprague.com\/rent-an-instrument\/"},"modified":"2025-09-10T10:09:43","modified_gmt":"2025-09-10T08:09:43","slug":"rent-an-instrument","status":"publish","type":"page","link":"https:\/\/musicschoolprague.com\/en\/rent-an-instrument\/","title":{"rendered":"Rent an Instrument"},"content":{"rendered":"\t\t<div data-elementor-type=\"wp-page\" data-elementor-id=\"5194\" class=\"elementor elementor-5194 elementor-4707\" data-elementor-post-type=\"page\">\n\t\t\t\t\t\t<section data-particle_enable=\"false\" data-particle-mobile-disabled=\"false\" class=\"elementor-section elementor-top-section elementor-element elementor-element-9d8668a elementor-section-boxed elementor-section-height-default elementor-section-height-default\" data-id=\"9d8668a\" data-element_type=\"section\" data-e-type=\"section\">\n\t\t\t\t\t\t\t<div class=\"elementor-background-overlay\"><\/div>\n\t\t\t\t\t\t\t<div class=\"elementor-container elementor-column-gap-default\">\n\t\t\t\t\t<div class=\"elementor-column elementor-col-100 elementor-top-column elementor-element elementor-element-00c9625\" data-id=\"00c9625\" data-element_type=\"column\" data-e-type=\"column\">\n\t\t\t<div class=\"elementor-widget-wrap elementor-element-populated\">\n\t\t\t\t\t\t<div class=\"elementor-element elementor-element-2ab5d36 elementor-widget elementor-widget-heading\" data-id=\"2ab5d36\" data-element_type=\"widget\" data-e-type=\"widget\" data-widget_type=\"heading.default\">\n\t\t\t\t<div class=\"elementor-widget-container\">\n\t\t\t\t\t<h1 class=\"elementor-heading-title elementor-size-default\">Rent an Instrument<\/h1>\t\t\t\t<\/div>\n\t\t\t\t<\/div>\n\t\t\t\t\t<\/div>\n\t\t<\/div>\n\t\t\t\t\t<\/div>\n\t\t<\/section>\n\t\t\t\t<section data-particle_enable=\"false\" data-particle-mobile-disabled=\"false\" class=\"elementor-section elementor-top-section elementor-element elementor-element-896523c elementor-section-boxed elementor-section-height-default elementor-section-height-default\" data-id=\"896523c\" data-element_type=\"section\" data-e-type=\"section\">\n\t\t\t\t\t\t<div class=\"elementor-container elementor-column-gap-default\">\n\t\t\t\t\t<div class=\"elementor-column elementor-col-50 elementor-top-column elementor-element elementor-element-a3e8d44\" data-id=\"a3e8d44\" data-element_type=\"column\" data-e-type=\"column\" data-settings=\"{&quot;background_background&quot;:&quot;classic&quot;}\">\n\t\t\t<div class=\"elementor-widget-wrap elementor-element-populated\">\n\t\t\t\t\t\t<div class=\"elementor-element elementor-element-6d440cd elementor-widget elementor-widget-heading\" data-id=\"6d440cd\" data-element_type=\"widget\" data-e-type=\"widget\" data-widget_type=\"heading.default\">\n\t\t\t\t<div class=\"elementor-widget-container\">\n\t\t\t\t\t<h2 class=\"elementor-heading-title elementor-size-default\">Instrument Rental for ISMFA students<\/h2>\t\t\t\t<\/div>\n\t\t\t\t<\/div>\n\t\t\t\t<div class=\"elementor-element elementor-element-e7ca883 elementor-widget elementor-widget-text-editor\" data-id=\"e7ca883\" data-element_type=\"widget\" data-e-type=\"widget\" data-widget_type=\"text-editor.default\">\n\t\t\t\t<div class=\"elementor-widget-container\">\n\t\t\t\t\t\t\t\t\t<p>ISMFA students can rent a musical instrument at our school.<\/p>\n<div id=\"gtx-trans\" style=\"position: absolute; left: -129px; top: 38px;\">\n<div class=\"gtx-trans-icon\"><\/div>\n<p><\/div>\n\t\t\t\t\t\t\t\t<\/div>\n\t\t\t\t<\/div>\n\t\t\t\t<div class=\"elementor-element elementor-element-d00a7f2 elementor-widget elementor-widget-image\" data-id=\"d00a7f2\" data-element_type=\"widget\" data-e-type=\"widget\" data-widget_type=\"image.default\">\n\t\t\t\t<div class=\"elementor-widget-container\">\n\t\t\t\t\t\t\t\t\t\t\t\t\t\t\t<img fetchpriority=\"high\" decoding=\"async\" width=\"300\" height=\"225\" src=\"https:\/\/musicschoolprague.com\/wp-content\/uploads\/2022\/08\/notes-311995-1.svg\" class=\"attachment-medium size-medium wp-image-3609\" alt=\"\" \/>\t\t\t\t\t\t\t\t\t\t\t\t\t\t\t<\/div>\n\t\t\t\t<\/div>\n\t\t\t\t<div class=\"elementor-element elementor-element-ef3e5b2 elementor-widget elementor-widget-text-editor\" data-id=\"ef3e5b2\" data-element_type=\"widget\" data-e-type=\"widget\" data-widget_type=\"text-editor.default\">\n\t\t\t\t<div class=\"elementor-widget-container\">\n\t\t\t\t\t\t\t\t\t<p>Contact: <strong>Eva Soukupov\u00e1<\/strong><\/p>\n<div id=\"gtx-trans\" style=\"position: absolute; left: 42px; top: 38px;\">\n<div class=\"gtx-trans-icon\"><\/div>\n<p><\/div>\n\t\t\t\t\t\t\t\t<\/div>\n\t\t\t\t<\/div>\n\t\t\t\t<div class=\"elementor-element elementor-element-225f191 elementor-align-center elementor-icon-list--layout-traditional elementor-list-item-link-full_width elementor-widget elementor-widget-icon-list\" data-id=\"225f191\" data-element_type=\"widget\" data-e-type=\"widget\" data-widget_type=\"icon-list.default\">\n\t\t\t\t<div class=\"elementor-widget-container\">\n\t\t\t\t\t\t\t<ul class=\"elementor-icon-list-items\">\n\t\t\t\t\t\t\t<li class=\"elementor-icon-list-item\">\n\t\t\t\t\t\t\t\t\t\t\t<a href=\"tel:%20+%20420%20731%20445%20215\">\n\n\t\t\t\t\t\t\t\t\t\t\t\t<span class=\"elementor-icon-list-icon\">\n\t\t\t\t\t\t\t<i aria-hidden=\"true\" class=\"fas fa-phone\"><\/i>\t\t\t\t\t\t<\/span>\n\t\t\t\t\t\t\t\t\t\t<span class=\"elementor-icon-list-text\"> + 420 731 445 215<\/span>\n\t\t\t\t\t\t\t\t\t\t\t<\/a>\n\t\t\t\t\t\t\t\t\t<\/li>\n\t\t\t\t\t\t\t\t<li class=\"elementor-icon-list-item\">\n\t\t\t\t\t\t\t\t\t\t\t<a href=\"mailto:e.soukupova@musicschoolprague.com\">\n\n\t\t\t\t\t\t\t\t\t\t\t\t<span class=\"elementor-icon-list-icon\">\n\t\t\t\t\t\t\t<i aria-hidden=\"true\" class=\"far fa-envelope\"><\/i>\t\t\t\t\t\t<\/span>\n\t\t\t\t\t\t\t\t\t\t<span class=\"elementor-icon-list-text\">e.soukupova@musicschoolprague.com<\/span>\n\t\t\t\t\t\t\t\t\t\t\t<\/a>\n\t\t\t\t\t\t\t\t\t<\/li>\n\t\t\t\t\t\t<\/ul>\n\t\t\t\t\t\t<\/div>\n\t\t\t\t<\/div>\n\t\t\t\t\t<\/div>\n\t\t<\/div>\n\t\t\t\t<div class=\"elementor-column elementor-col-50 elementor-top-column elementor-element elementor-element-3a794a1\" data-id=\"3a794a1\" data-element_type=\"column\" data-e-type=\"column\" data-settings=\"{&quot;background_background&quot;:&quot;classic&quot;}\">\n\t\t\t<div class=\"elementor-widget-wrap elementor-element-populated\">\n\t\t\t\t\t\t<div class=\"elementor-element elementor-element-6b2f9a5 elementor-widget elementor-widget-image\" data-id=\"6b2f9a5\" data-element_type=\"widget\" data-e-type=\"widget\" data-widget_type=\"image.default\">\n\t\t\t\t<div class=\"elementor-widget-container\">\n\t\t\t\t\t\t\t\t\t\t\t\t\t\t\t<img decoding=\"async\" width=\"622\" height=\"1023\" src=\"https:\/\/musicschoolprague.com\/wp-content\/uploads\/2022\/08\/studio-ladvi.jpg\" class=\"attachment-large size-large wp-image-5439\" alt=\"studio-ladvi\" srcset=\"https:\/\/musicschoolprague.com\/wp-content\/uploads\/2022\/08\/studio-ladvi.jpg 622w, https:\/\/musicschoolprague.com\/wp-content\/uploads\/2022\/08\/studio-ladvi-182x300.jpg 182w\" sizes=\"(max-width: 622px) 100vw, 622px\" \/>\t\t\t\t\t\t\t\t\t\t\t\t\t\t\t<\/div>\n\t\t\t\t<\/div>\n\t\t\t\t<div class=\"elementor-element elementor-element-6101011 elementor-hidden-desktop elementor-hidden-tablet elementor-hidden-mobile elementor-widget elementor-widget-heading\" data-id=\"6101011\" data-element_type=\"widget\" data-e-type=\"widget\" data-widget_type=\"heading.default\">\n\t\t\t\t<div class=\"elementor-widget-container\">\n\t\t\t\t\t<h2 class=\"elementor-heading-title elementor-size-default\">Buy a new instument<\/h2>\t\t\t\t<\/div>\n\t\t\t\t<\/div>\n\t\t\t\t<div class=\"elementor-element elementor-element-c5688b3 elementor-hidden-desktop elementor-hidden-tablet elementor-hidden-mobile elementor-widget elementor-widget-text-editor\" data-id=\"c5688b3\" data-element_type=\"widget\" data-e-type=\"widget\" data-widget_type=\"text-editor.default\">\n\t\t\t\t<div class=\"elementor-widget-container\">\n\t\t\t\t\t\t\t\t\t<p><strong>Type of instruments:<\/strong><br \/>String instruments (violin, viola, violoncello, double-bass, guitar, harp, electric guitar)<br \/>Percussions<br \/>Pianos (Upright, Grand, Electric), Harpsichord<br \/>Wood-wind instruments (recorder, flute, clarinet, oboe, English horn, bassoon, saxophone)<br \/>Brass instruments (trumpet, trombone, French horn, tuba)<\/p>\n<p><strong>Shop and registered office:<\/strong>\u00a0Prague 9 &#8211; Vyso\u010dany, Ocel\u00e1\u0159sk\u00e1 937\/39\u00a0 \u00a0<a href=\"http:\/\/www.mapy.cz\/#x=133243066@y=136014703@z=13@mm=ZP@sa=s@st=s@ssq=Ocel%C3%A1%C5%99sk%C3%A1%20937\/39%20praha%204@sss=1@ssp=133015248_135489825_133347024_135778593\" target=\"_blank\" rel=\"noopener\">map<\/a><br \/>E-shop on:\u00a0<a href=\"http:\/\/www.music-city.cz\/\" target=\"_blank\" rel=\"noopener\">www.music-city.cz<\/a>,\u00a0<a href=\"http:\/\/www.hudebnistarter.cz\/\" target=\"_blank\" rel=\"noopener\">www.hudebnistarter.cz\/<\/a><\/p>\n<p><strong>Phone:<\/strong>\u00a0+420 800 708 807 (free of charge)<br \/><strong>E-mail:<\/strong>\u00a0<span id=\"cloak78f510120f78c1834be4df108a597de5\"><a href=\"mailto:info@music-city.cz\">info@music-city.cz<\/a><\/span><br \/><strong>www:<\/strong>\u00a0<a href=\"http:\/\/www.music-city.cz\/\" target=\"_blank\" rel=\"noopener\">www.music-city.cz<\/a><\/p>\n<p><strong>10 % DISCOUNT FOR OUR STUDENTS<\/strong>\u00a0\u2013 contact us for the discount voucher<\/p>\n<p><strong>Opening hours:<\/strong><br \/>Mon &#8211; Fri: 10.00 \u2013 19.00<br \/>Sat: 10.00 \u2013 17.00<\/p>\n<p><strong>Transport:<\/strong><br \/>Metro: \u010ceskomoravsk\u00e1 station, Line B (Exit O2 Arena)<br \/>Tram: No. 8 and 19 \u2013 Poliklinika Vyso\u010dany station; No. 3 and 52 \u2013 O2 Arena station<br \/>Bus: No. 151, 158, 166, 259, 280, 302, 305, 348, 349, 351, 354, 365, 366, 368, 375, 377 &#8211; \u010ceskomoravsk\u00e1<br \/>Car: Parking available, GPS: 50\u00b06&#8217;22.75&#8243;N; 14\u00b029&#8217;39.8&#8243;E<\/p>\n<p><strong>Communication:<\/strong>\u00a0English, German, Czech<\/p>\n\t\t\t\t\t\t\t\t<\/div>\n\t\t\t\t<\/div>\n\t\t\t\t<div class=\"elementor-element elementor-element-2b8426c elementor-widget elementor-widget-heading\" data-id=\"2b8426c\" data-element_type=\"widget\" data-e-type=\"widget\" data-widget_type=\"heading.default\">\n\t\t\t\t<div class=\"elementor-widget-container\">\n\t\t\t\t\t<h2 class=\"elementor-heading-title elementor-size-default\"><a href=\"https:\/\/www.prepravuj.cz\/\" target=\"_blank\" rel=\"noopener\">St\u011bhov\u00e1n\u00ed Praha<\/a><\/h2>\t\t\t\t<\/div>\n\t\t\t\t<\/div>\n\t\t\t\t<div class=\"elementor-element elementor-element-cf9df04 elementor-widget elementor-widget-text-editor\" data-id=\"cf9df04\" data-element_type=\"widget\" data-e-type=\"widget\" data-widget_type=\"text-editor.default\">\n\t\t\t\t<div class=\"elementor-widget-container\">\n\t\t\t\t\t\t\t\t\t<p>Transportation of heavy loads incl. musical instruments.<\/p>\n\t\t\t\t\t\t\t\t<\/div>\n\t\t\t\t<\/div>\n\t\t\t\t\t<\/div>\n\t\t<\/div>\n\t\t\t\t\t<\/div>\n\t\t<\/section>\n\t\t\t\t<\/div>\n\t\t","protected":false},"excerpt":{"rendered":"<p>Instrument Rental for ISMFA students ISMFA students can rent a musical instrument at our school. Contact: Eva Soukupov\u00e1 + 420 731 445 215 e.soukupova@musicschoolprague.com Buy a new instument Type of instruments:String instruments (violin, viola, violoncello, double-bass, guitar, harp, electric guitar)PercussionsPianos (Upright, Grand, Electric), HarpsichordWood-wind instruments (recorder, flute, clarinet, oboe, English horn, bassoon, saxophone)Brass instruments (trumpet, [&hellip;]<\/p>\n","protected":false},"author":1,"featured_media":0,"parent":0,"menu_order":0,"comment_status":"closed","ping_status":"closed","template":"elementor_header_footer","meta":{"footnotes":""},"class_list":["post-5194","page","type-page","status-publish","hentry"],"_links":{"self":[{"href":"https:\/\/musicschoolprague.com\/en\/wp-json\/wp\/v2\/pages\/5194","targetHints":{"allow":["GET"]}}],"collection":[{"href":"https:\/\/musicschoolprague.com\/en\/wp-json\/wp\/v2\/pages"}],"about":[{"href":"https:\/\/musicschoolprague.com\/en\/wp-json\/wp\/v2\/types\/page"}],"author":[{"embeddable":true,"href":"https:\/\/musicschoolprague.com\/en\/wp-json\/wp\/v2\/users\/1"}],"replies":[{"embeddable":true,"href":"https:\/\/musicschoolprague.com\/en\/wp-json\/wp\/v2\/comments?post=5194"}],"version-history":[{"count":0,"href":"https:\/\/musicschoolprague.com\/en\/wp-json\/wp\/v2\/pages\/5194\/revisions"}],"wp:attachment":[{"href":"https:\/\/musicschoolprague.com\/en\/wp-json\/wp\/v2\/media?parent=5194"}],"curies":[{"name":"wp","href":"https:\/\/api.w.org\/{rel}","templated":true}]}}